{"id":807,"date":"2024-03-06T18:02:54","date_gmt":"2024-03-06T17:02:54","guid":{"rendered":"https:\/\/centercitylockers.com\/politique-en-matiere-de-cookies\/"},"modified":"2024-03-07T11:40:29","modified_gmt":"2024-03-07T10:40:29","slug":"politique-en-matiere-de-cookies","status":"publish","type":"page","link":"https:\/\/centercitylockers.com\/fr\/politique-en-matiere-de-cookies\/","title":{"rendered":"Politique en mati\u00e8re de cookies"},"content":{"rendered":"\t\t<div data-elementor-type=\"wp-page\" data-elementor-id=\"807\" class=\"elementor elementor-807 elementor-605\" data-elementor-post-type=\"page\">\n\t\t\t\t<div class=\"elementor-element elementor-element-89292aa e-flex e-con-boxed e-con e-parent\" data-id=\"89292aa\" data-element_type=\"container\" data-e-type=\"container\" data-settings=\"{&quot;background_background&quot;:&quot;classic&quot;}\">\n\t\t\t\t\t<div class=\"e-con-inner\">\n\t\t\t\t<div class=\"elementor-element elementor-element-523a711 elementor-widget elementor-widget-heading\" data-id=\"523a711\" data-element_type=\"widget\" data-e-type=\"widget\" data-widget_type=\"heading.default\">\n\t\t\t\t<div class=\"elementor-widget-container\">\n\t\t\t\t\t<h1 class=\"elementor-heading-title elementor-size-default\">POLITIQUE EN MATI\u00c8RE DE COOKIES<\/h1>\t\t\t\t<\/div>\n\t\t\t\t<\/div>\n\t\t\t\t\t<\/div>\n\t\t\t\t<\/div>\n\t\t<div class=\"elementor-element elementor-element-44f9c1e9 e-flex e-con-boxed e-con e-parent\" data-id=\"44f9c1e9\" data-element_type=\"container\" data-e-type=\"container\">\n\t\t\t\t\t<div class=\"e-con-inner\">\n\t\t\t\t<div class=\"elementor-element elementor-element-6a1868e9 elementor-widget elementor-widget-text-editor\" data-id=\"6a1868e9\" data-element_type=\"widget\" data-e-type=\"widget\" data-widget_type=\"text-editor.default\">\n\t\t\t\t<div class=\"elementor-widget-container\">\n\t\t\t\t\t\t\t\t\t<h3 class=\"wp-block-heading\" data-fontsize=\"36\" data-lineheight=\"43.2px\">POLITIQUE EN MATI\u00c8RE DE COOKIES<\/h3>\n<h5>Qu&rsquo;est-ce qu&rsquo;un biscuit ?<\/h5>\n<p>Les cookies sont de petits fichiers de donn\u00e9es qui sont re\u00e7us sur le terminal \u00e0 partir du site web visit\u00e9 et qui sont utilis\u00e9s pour enregistrer certaines interactions de navigation sur un site web en stockant des donn\u00e9es qui peuvent \u00eatre mises \u00e0 jour et r\u00e9cup\u00e9r\u00e9es. Ces fichiers sont stock\u00e9s sur l&rsquo;ordinateur de l&rsquo;utilisateur et contiennent des donn\u00e9es anonymes qui ne sont pas nuisibles \u00e0 l&rsquo;ordinateur de l&rsquo;utilisateur. Ils sont utilis\u00e9s pour m\u00e9moriser les pr\u00e9f\u00e9rences de l&rsquo;utilisateur, telles que la langue s\u00e9lectionn\u00e9e, les donn\u00e9es d&rsquo;acc\u00e8s ou la personnalisation de la page. Ils sont couverts par l&rsquo;article 22 de la loi 34\/2002 sur les services de la soci\u00e9t\u00e9 de l&rsquo;information et le commerce \u00e9lectronique.<\/p>\n<p>Les cookies peuvent \u00e9galement \u00eatre utilis\u00e9s pour enregistrer des informations anonymes sur la fa\u00e7on dont un visiteur utilise un site. Par exemple, \u00e0 partir de quel site web vous avez acc\u00e9d\u00e9 au site, ou si vous avez utilis\u00e9 une banni\u00e8re publicitaire pour y acc\u00e9der.<\/p>\n<h5>Pourquoi CENTER CITY LOCKERS utilise-t-il des cookies ?<\/h5>\n<p>Center City Lockers utilise des cookies qui sont strictement n\u00e9cessaires et essentiels pour que vous puissiez utiliser nos sites web et vous permettre de circuler librement, d&rsquo;utiliser des zones s\u00e9curis\u00e9es, des options personnalis\u00e9es, etc. En outre, Center City Lockers utilise des cookies qui collectent des donn\u00e9es relatives \u00e0 l&rsquo;analyse de l&rsquo;utilisation du site web. Ils sont utilis\u00e9s pour am\u00e9liorer le service \u00e0 la client\u00e8le en mesurant l&rsquo;utilisation et les performances du site, pour l&rsquo;optimiser et le personnaliser.<\/p>\n<p>Nos sites peuvent \u00e9galement contenir des<span data-fusion-font=\"true\">liens vers d&rsquo;autres <\/span>sites web. Center City Lockers ne contr\u00f4le pas les cookies utilis\u00e9s par ces sites web externes.<\/p>\n<p>Pour plus d&rsquo;informations sur les cookies des r\u00e9seaux sociaux ou d&rsquo;autres sites web externes, nous vous recommandons de consulter leurs propres politiques en mati\u00e8re de cookies.<\/p>\n<p>Vous pouvez obtenir plus d&rsquo;informations et configurer vos pr\u00e9f\u00e9rences dans notre banni\u00e8re cookies.<\/p>\n<h5>Quelle utilisation faisons-nous des diff\u00e9rents types de cookies ?<\/h5>\n<p>Cookies techniques : Les cookies techniques sont ceux qui sont essentiels et strictement n\u00e9cessaires au bon fonctionnement d&rsquo;un portail web et \u00e0 l&rsquo;utilisation des diff\u00e9rentes options et services qu&rsquo;il propose. Par exemple, celles qui concernent le maintien de la session, la gestion du temps de r\u00e9ponse, l&rsquo;ex\u00e9cution ou la validation des options, l&rsquo;utilisation des fonctions de s\u00e9curit\u00e9, le partage de contenu avec les r\u00e9seaux sociaux, etc.<\/p>\n<p>Cookies de personnalisation : Ces cookies permettent \u00e0 l&rsquo;utilisateur de sp\u00e9cifier ou de personnaliser certaines caract\u00e9ristiques des options g\u00e9n\u00e9rales du site web, par exemple de d\u00e9finir la langue, la configuration r\u00e9gionale ou le type de navigateur.<\/p>\n<p>Cookies analytiques : Les cookies analytiques sont ceux utilis\u00e9s par nos portails web pour cr\u00e9er des profils de navigation et conna\u00eetre les pr\u00e9f\u00e9rences des utilisateurs afin d&rsquo;am\u00e9liorer les services offerts.<\/p>\n<p>Cookies publicitaires : les cookies publicitaires permettent de g\u00e9rer les espaces publicitaires en fonction de crit\u00e8res sp\u00e9cifiques. Par exemple, la fr\u00e9quence d&rsquo;acc\u00e8s, le contenu \u00e9dit\u00e9, etc.<\/p>\n<p>Cookies publicitaires : les cookies publicitaires permettent \u00e0 la gestion de la publicit\u00e9 de stocker des informations comportementales par l&rsquo;observation des habitudes, l&rsquo;\u00e9tude des acc\u00e8s et la formation d&rsquo;un profil des pr\u00e9f\u00e9rences de l&rsquo;utilisateur, afin de proposer des publicit\u00e9s en rapport avec les int\u00e9r\u00eats de son profil.<\/p>\n<p>En fonction de la dur\u00e9e de leur activation, on peut faire la diff\u00e9rence entre :<\/p>\n<p>Cookies de session : il s&rsquo;agit d&rsquo;un type de cookie con\u00e7u pour collecter et stocker des donn\u00e9es pendant que l&rsquo;utilisateur acc\u00e8de \u00e0 une page web.<\/p>\n<p>Cookies persistants : Il s&rsquo;agit d&rsquo;un type de cookie dans lequel les donn\u00e9es restent stock\u00e9es dans le terminal et peuvent \u00eatre consult\u00e9es et trait\u00e9es pendant une p\u00e9riode d\u00e9finie par le responsable du cookie, qui peut aller de quelques minutes \u00e0 plusieurs ann\u00e9es.<\/p>\n<p>Enfin, en fonction de l&rsquo;entit\u00e9 qui les g\u00e8re, on peut distinguer<\/p>\n<p>Cookies propres : ce sont ceux qui sont envoy\u00e9s \u00e0 l&rsquo;\u00e9quipement terminal de l&rsquo;utilisateur \u00e0 partir d&rsquo;un ordinateur ou d&rsquo;un domaine g\u00e9r\u00e9 par l&rsquo;\u00e9diteur lui-m\u00eame et \u00e0 partir duquel le service demand\u00e9 par l&rsquo;utilisateur est fourni.<\/p>\n<p>Cookies de tiers : ce sont ceux qui sont envoy\u00e9s \u00e0 l&rsquo;\u00e9quipement terminal de l&rsquo;utilisateur \u00e0 partir d&rsquo;un ordinateur ou d&rsquo;un domaine qui n&rsquo;est pas g\u00e9r\u00e9 par l&rsquo;\u00e9diteur, mais par une autre entit\u00e9 qui traite les donn\u00e9es obtenues par le biais des cookies.<\/p>\n<h5>Que se passe-t-il si je ne veux pas de ces biscuits ou si je ne fais rien pour y rem\u00e9dier ?<\/h5>\n<p>Pour nous conformer \u00e0 la l\u00e9gislation en vigueur, nous devons vous demander la permission de g\u00e9rer les cookies. Si vous d\u00e9cidez de ne pas autoriser le traitement en indiquant votre non-conformit\u00e9, nous n&rsquo;utiliserons que des cookies techniques, car ils sont indispensables \u00e0 la navigation sur notre site web. Dans ce cas, nous ne stockons aucun cookie. Si vous continuez \u00e0 naviguer sur notre site web sans refuser la permission, cela implique que vous acceptez leur utilisation.<\/p>\n<p>Veuillez noter que si vous refusez ou supprimez les cookies de navigation sur www.centercitylockers.com, nous ne pourrons pas conserver vos pr\u00e9f\u00e9rences, certaines fonctionnalit\u00e9s des pages ne seront pas op\u00e9rationnelles, nous ne pourrons pas vous offrir des services personnalis\u00e9s et chaque fois que vous naviguerez sur notre site web, nous devrons vous demander \u00e0 nouveau votre autorisation d&rsquo;utiliser des cookies.<\/p>\n<p>Si vous d\u00e9cidez malgr\u00e9 tout de modifier la configuration de votre acc\u00e8s au site, sachez qu&rsquo;il est possible \u00e0 tout moment de supprimer les cookies ou d&#8217;emp\u00eacher l&rsquo;enregistrement de ces informations sur votre ordinateur en modifiant les param\u00e8tres de configuration de votre navigateur :<\/p>\n<p>Param\u00e8tres des cookies d&rsquo;Internet Explorer.<\/p>\n<p>Param\u00e8tres des cookies de Firefox.<\/p>\n<p>Param\u00e8tres des cookies de Google Chrome.<\/p>\n<p>Param\u00e8tres des cookies de Safari.<\/p>\n<p>Ces navigateurs font l&rsquo;objet de mises \u00e0 jour ou de modifications, et nous ne pouvons donc pas garantir qu&rsquo;ils seront enti\u00e8rement compatibles avec la version de votre navigateur. Vous pouvez \u00e9galement utiliser un autre navigateur qui n&rsquo;est pas couvert par ces liens, comme Konqueror, Arora, Flock, etc. Pour \u00e9viter ces incompatibilit\u00e9s, vous pouvez y acc\u00e9der directement \u00e0 partir des options de votre navigateur, qui se trouvent g\u00e9n\u00e9ralement dans le menu Options, sous la rubrique \u00ab\u00a0Vie priv\u00e9e\u00a0\u00bb. (Veuillez consulter l&rsquo;aide de votre navigateur pour plus d&rsquo;informations).<\/p>\n<h5>Que signifient donc les informations ci-dessus ?<\/h5>\n<p>En acceptant nos cookies, vous nous permettez d&rsquo;am\u00e9liorer les sites web de CONSIGNES LLEVANT SL afin de vous offrir un acc\u00e8s optimal et un service plus efficace et personnalis\u00e9. En outre, vous pouvez configurer votre navigateur de mani\u00e8re \u00e0 ce que seuls les sites ou pages de confiance sur lesquels vous naviguez actuellement g\u00e8rent les cookies, ce qui vous permet de s\u00e9lectionner vos pr\u00e9f\u00e9rences.<\/p>\n<p>En fournissant cette politique, CONSIGNES LLEVANT SL, d\u00e9montre son engagement envers la l\u00e9gislation actuelle sur l&rsquo;utilisation des cookies, en vous fournissant des informations afin que vous puissiez comprendre quel type de cookies nous utilisons et pourquoi nous le faisons. Nous souhaitons ainsi vous offrir la transparence sur les donn\u00e9es trait\u00e9es concernant la navigation effectu\u00e9e \u00e0 partir de votre ordinateur sur notre site web.<\/p>\n<p>Cette politique est revue p\u00e9riodiquement pour s&rsquo;assurer qu&rsquo;elle reste d&rsquo;actualit\u00e9 et peut \u00eatre modifi\u00e9e. Nous vous recommandons de visiter le site r\u00e9guli\u00e8rement et nous vous informerons de toute mise \u00e0 jour.<\/p>\n<h5>O\u00f9 puis-je obtenir plus d&rsquo;informations ?<\/h5>\n<p>Si vous avez des questions sur la mani\u00e8re dont nous utilisons les cookies et que la pr\u00e9sente politique n&rsquo;y r\u00e9pond pas, veuillez nous envoyer vos commentaires \u00e0 l&rsquo;adresse suivante : info@centercitylockers.com.<\/p>\n<p>Si vous souhaitez obtenir de plus amples informations sur la directive relative aux cookies, veuillez consulter le Journal officiel de l&rsquo;\u00c9tat publi\u00e9 le 31 mars 2012 (pour l&rsquo;Espagne), o\u00f9 sont transpos\u00e9es les directives relatives aux communications \u00e9lectroniques. La directive est \u00e9galement disponible au bureau du commissaire \u00e0 l&rsquo;information.<\/p>\n<p>En outre, vous pouvez acc\u00e9der \u00e0 des vid\u00e9os \u00e9ducatives publi\u00e9es par l&rsquo;Agence espagnole de protection des donn\u00e9es qui expliquent, \u00e9tape par \u00e9tape, comment configurer les options de confidentialit\u00e9 des navigateurs, des r\u00e9seaux sociaux et des syst\u00e8mes d&rsquo;exploitation mobiles les plus courants, \u00e0 l&rsquo;adresse Videos AEPD.<\/p>\t\t\t\t\t\t\t\t<\/div>\n\t\t\t\t<\/div>\n\t\t\t\t\t<\/div>\n\t\t\t\t<\/div>\n\t\t\t\t<\/div>\n\t\t","protected":false},"excerpt":{"rendered":"<p>POLITIQUE EN MATI\u00c8RE DE COOKIES POLITIQUE EN MATI\u00c8RE DE COOKIES Qu&rsquo;est-ce qu&rsquo;un biscuit ? Les cookies sont de petits fichiers de donn\u00e9es qui sont re\u00e7us sur le terminal \u00e0 partir du site web visit\u00e9 et qui sont utilis\u00e9s pour enregistrer certaines interactions de navigation sur un site web en stockant des donn\u00e9es qui peuvent \u00eatre [&hellip;]<\/p>\n","protected":false},"author":4,"featured_media":0,"parent":0,"menu_order":0,"comment_status":"closed","ping_status":"closed","template":"","meta":{"_joinchat":[],"footnotes":""},"class_list":["post-807","page","type-page","status-publish","hentry"],"_links":{"self":[{"href":"https:\/\/centercitylockers.com\/fr\/wp-json\/wp\/v2\/pages\/807","targetHints":{"allow":["GET"]}}],"collection":[{"href":"https:\/\/centercitylockers.com\/fr\/wp-json\/wp\/v2\/pages"}],"about":[{"href":"https:\/\/centercitylockers.com\/fr\/wp-json\/wp\/v2\/types\/page"}],"author":[{"embeddable":true,"href":"https:\/\/centercitylockers.com\/fr\/wp-json\/wp\/v2\/users\/4"}],"replies":[{"embeddable":true,"href":"https:\/\/centercitylockers.com\/fr\/wp-json\/wp\/v2\/comments?post=807"}],"version-history":[{"count":2,"href":"https:\/\/centercitylockers.com\/fr\/wp-json\/wp\/v2\/pages\/807\/revisions"}],"predecessor-version":[{"id":811,"href":"https:\/\/centercitylockers.com\/fr\/wp-json\/wp\/v2\/pages\/807\/revisions\/811"}],"wp:attachment":[{"href":"https:\/\/centercitylockers.com\/fr\/wp-json\/wp\/v2\/media?parent=807"}],"curies":[{"name":"wp","href":"https:\/\/api.w.org\/{rel}","templated":true}]}}