{"id":721,"date":"2024-02-21T17:39:25","date_gmt":"2024-02-21T16:39:25","guid":{"rendered":"https:\/\/centercitylockers.com\/avis-juridique\/"},"modified":"2025-06-14T09:33:01","modified_gmt":"2025-06-14T07:33:01","slug":"avis-juridique","status":"publish","type":"page","link":"https:\/\/centercitylockers.com\/fr\/avis-juridique\/","title":{"rendered":"Avis juridique"},"content":{"rendered":"\t\t<div data-elementor-type=\"wp-page\" data-elementor-id=\"721\" class=\"elementor elementor-721 elementor-450\" data-elementor-post-type=\"page\">\n\t\t\t\t<div class=\"elementor-element elementor-element-89292aa e-flex e-con-boxed e-con e-parent\" data-id=\"89292aa\" data-element_type=\"container\" data-e-type=\"container\" data-settings=\"{&quot;background_background&quot;:&quot;classic&quot;}\">\n\t\t\t\t\t<div class=\"e-con-inner\">\n\t\t\t\t<div class=\"elementor-element elementor-element-523a711 elementor-widget elementor-widget-heading\" data-id=\"523a711\" data-element_type=\"widget\" data-e-type=\"widget\" data-widget_type=\"heading.default\">\n\t\t\t\t<div class=\"elementor-widget-container\">\n\t\t\t\t\t<h1 class=\"elementor-heading-title elementor-size-default\">AVIS JURIDIQUE<\/h1>\t\t\t\t<\/div>\n\t\t\t\t<\/div>\n\t\t\t\t\t<\/div>\n\t\t\t\t<\/div>\n\t\t<div class=\"elementor-element elementor-element-44f9c1e9 e-flex e-con-boxed e-con e-parent\" data-id=\"44f9c1e9\" data-element_type=\"container\" data-e-type=\"container\">\n\t\t\t\t\t<div class=\"e-con-inner\">\n\t\t\t\t<div class=\"elementor-element elementor-element-6a1868e9 elementor-widget elementor-widget-text-editor\" data-id=\"6a1868e9\" data-element_type=\"widget\" data-e-type=\"widget\" data-widget_type=\"text-editor.default\">\n\t\t\t\t<div class=\"elementor-widget-container\">\n\t\t\t\t\t\t\t\t\t<p>Conform\u00e9ment \u00e0 l&rsquo;article 10 de la loi 34\/2002, du 11 juillet, sur les services de la soci\u00e9t\u00e9 de l&rsquo;information et le commerce \u00e9lectronique (LSSI+CE), nous vous informons par la pr\u00e9sente :<\/p><p>Le titre de la page www.centercitylockers.com est le suivant :<\/p><p>Nom de l&rsquo;entreprise : CONSIGNES LLEVANT SL (ci-apr\u00e8s d\u00e9nomm\u00e9e CENTERCITYLOCKERS.<\/p><p>NUM\u00c9RO DE TVA : <strong>B-70651039<\/strong><\/p><p>T\u00e9l\u00e9phone : <strong>611 200 652<\/strong><\/p><p>Courriel : <strong>info@centercitylockers.com<\/strong><\/p><p>Donn\u00e9es d&rsquo;enregistrement : cet avis juridique est r\u00e9dig\u00e9 en espagnol.<\/p><h3 class=\"wp-block-heading\">Vos coordonn\u00e9es<\/h3><p>Les informations ou donn\u00e9es personnelles fournies par l&rsquo;utilisateur seront trait\u00e9es conform\u00e9ment aux dispositions des politiques de protection des donn\u00e9es. L&rsquo;utilisateur d\u00e9clare que toutes les informations ou donn\u00e9es fournies sont vraies et correspondent \u00e0 la r\u00e9alit\u00e9.<\/p><h3 class=\"wp-block-heading\">Vie priv\u00e9e\/Protection des donn\u00e9es personnelles<\/h3><p>CENTERCITYLOCKERS respecte \u00e0 tout moment les directives du R\u00e8glement g\u00e9n\u00e9ral sur la protection des donn\u00e9es (R\u00e8glement (UE) 2016\/679) et les autres r\u00e9glementations en vigueur, et garantit l&rsquo;utilisation et le traitement corrects des donn\u00e9es personnelles de l&rsquo;utilisateur.<\/p><p>CENTERCITYLOCKERS respecte \u00e0 tout moment les directives du R\u00e8glement g\u00e9n\u00e9ral sur la protection des donn\u00e9es (R\u00e8glement (UE) 2016\/679) et les autres r\u00e9glementations en vigueur, et garantit l&rsquo;utilisation et le traitement corrects des donn\u00e9es personnelles de l&rsquo;utilisateur.<\/p><p>De m\u00eame, CENTERCITYLOCKERS, cr\u00e9ateur du site Web, informe qu&rsquo;il respecte la loi 34\/2002 du 11 juillet sur les services de la soci\u00e9t\u00e9 de l&rsquo;information et le commerce \u00e9lectronique et demandera \u00e0 tout moment le consentement de l&rsquo;utilisateur pour le traitement de son courrier \u00e9lectronique \u00e0 des fins commerciales.<\/p><h3 class=\"wp-block-heading\">Mineurs<\/h3><p>Le contenu du site Web est destin\u00e9 aux personnes majeures. CENTERCITYLOCKERS n&rsquo;a pas l&rsquo;intention de collecter des donn\u00e9es sur des mineurs. Lorsque CENTERCITYLOCKERS a connaissance de l&rsquo;existence de donn\u00e9es personnelles d&rsquo;un mineur dans son fichier, elle proc\u00e8de imm\u00e9diatement \u00e0 l&rsquo;effacement de ces donn\u00e9es.<\/p><p>Obligations de l&rsquo;utilisateur<\/p><p>L&rsquo;utilisateur doit \u00e0 tout moment respecter les termes et conditions \u00e9tablis par le site web.<\/p><p>L&rsquo;utilisateur doit utiliser le site web de mani\u00e8re diligente et assume toute responsabilit\u00e9 pouvant d\u00e9couler d&rsquo;une violation des termes et conditions du site web.<\/p><p>L&rsquo;utilisateur ne peut utiliser le site web pour transmettre, stocker, diffuser, promouvoir ou distribuer des donn\u00e9es ou du contenu contenant des virus ou tout autre code informatique, fichier ou programme con\u00e7u pour interrompre, d\u00e9truire ou alt\u00e9rer le fonctionnement de tout programme ou \u00e9quipement informatique ou de t\u00e9l\u00e9communication.<\/p><h3 class=\"wp-block-heading\">Propri\u00e9t\u00e9 industrielle et intellectuelle<\/h3><p>CENTERCITYLOCKERS d\u00e9tient, elle-m\u00eame ou en tant que cessionnaire, tous les droits de propri\u00e9t\u00e9 intellectuelle et industrielle de son site Internet, ainsi que des \u00e9l\u00e9ments qu&rsquo;il contient (y compris, mais sans s&rsquo;y limiter, les images, le son, l&rsquo;audio, la vid\u00e9o, le logiciel ou le texte ; les marques ou les logos, les combinaisons de couleurs, la structure et le design, la s\u00e9lection des mat\u00e9riaux utilis\u00e9s, les programmes informatiques n\u00e9cessaires \u00e0 son fonctionnement, \u00e0 son acc\u00e8s et \u00e0 son utilisation, etc.)<\/p><p>En vertu des dispositions des articles 8 et 32.1, deuxi\u00e8me alin\u00e9a, de la loi sur la propri\u00e9t\u00e9 intellectuelle, la reproduction, la distribution et la communication publique, y compris la mise \u00e0 disposition, de tout ou partie du contenu de ce site Web, \u00e0 des fins commerciales, sur tout support et par tout moyen technique, sans l&rsquo;autorisation de CENTERCITYLOCKERS, sont express\u00e9ment interdites. Tous droits r\u00e9serv\u00e9s.<\/p><p>L&rsquo;UTILISATEUR s&rsquo;engage \u00e0 respecter les droits de propri\u00e9t\u00e9 intellectuelle et industrielle d\u00e9tenus par CENTERCITYLOCKERS. L&rsquo;UTILISATEUR peut visualiser les \u00e9l\u00e9ments du portail et m\u00eame les imprimer, les copier et les stocker sur le disque dur de son ordinateur ou sur tout autre support physique, \u00e0 condition que ce soit uniquement et exclusivement pour son usage personnel et priv\u00e9. L&rsquo;utilisateur doit s&rsquo;abstenir d&rsquo;effacer, d&rsquo;alt\u00e9rer, de contourner ou de manipuler tout dispositif de protection ou syst\u00e8me de s\u00e9curit\u00e9 install\u00e9 sur le site CENTERCITYLOCKERS.<\/p><h3 class=\"wp-block-heading\">Droit d&rsquo;exclusion<\/h3><p>CENTERCITYLOCKERS se r\u00e9serve le droit de refuser ou de retirer l&rsquo;acc\u00e8s au portail et\/ou aux services offerts sans pr\u00e9avis, \u00e0 sa propre demande ou \u00e0 la demande d&rsquo;un tiers, aux utilisateurs qui ne respectent pas les conditions d&rsquo;utilisation du portail.<\/p><p>CENTERCITYLOCKERS poursuivra la violation des conditions d&rsquo;utilisation du portail, ainsi que toute utilisation inappropri\u00e9e de son portail, en exer\u00e7ant toutes les actions civiles et p\u00e9nales qui peuvent lui correspondre en vertu de la loi.<\/p><h3 class=\"wp-block-heading\">Modifications et liens<\/h3><p>CENTERCITYLOCKERS se r\u00e9serve le droit de proc\u00e9der \u00e0 des modifications inopin\u00e9es qu&rsquo;elle juge opportunes sur son site Internet, et peut modifier, supprimer ou ajouter des contenus et des services qu&rsquo;elle propose et la mani\u00e8re dont ils sont pr\u00e9sent\u00e9s ou localis\u00e9s, ainsi que dans les Conditions G\u00e9n\u00e9rales de Contrat d\u00e9termin\u00e9es ici.<\/p><p>CENTERCITYLOCKERS n&rsquo;est pas responsable de la mauvaise utilisation des contenus de son site Internet, celle-ci \u00e9tant de la seule responsabilit\u00e9 de la personne qui y acc\u00e8de ou les utilise.<\/p><p>Dans l&rsquo;hypoth\u00e8se o\u00f9 www.centercitylockers.com contiendrait des liens ou des hyperliens vers d&rsquo;autres sites Internet, CENTERCITYLOCKERS, cr\u00e9ateur du site, n&rsquo;exerce aucun contr\u00f4le sur ces sites et leur contenu. En aucun cas CENTERCITYLOCKERS, cr\u00e9ateur du site, n&rsquo;assume de responsabilit\u00e9 quant au contenu d&rsquo;un lien appartenant \u00e0 un site tiers, ni ne garantit la disponibilit\u00e9 technique, la qualit\u00e9, la fiabilit\u00e9, l&rsquo;exactitude, l&rsquo;exhaustivit\u00e9, la pr\u00e9cision, la validit\u00e9 et la constitutionnalit\u00e9 de tout mat\u00e9riel ou information contenu dans l&rsquo;un de ces hyperliens ou dans d&rsquo;autres sites Internet. De m\u00eame, l&rsquo;inclusion de ces connexions externes n&rsquo;implique aucune forme d&rsquo;association, de fusion ou de participation avec les entit\u00e9s connect\u00e9es.<\/p><h3 class=\"wp-block-heading\">Droit applicable et juridiction comp\u00e9tente<\/h3><p>Les conditions d&rsquo;utilisation du site Web contenues dans le pr\u00e9sent avis juridique, ainsi que la relation entre l&rsquo;utilisateur et CENTERCITYLOCKERS, sont r\u00e9gies et interpr\u00e9t\u00e9es conform\u00e9ment \u00e0 la l\u00e9gislation espagnole. Pour la r\u00e9solution de tout conflit pouvant survenir, l&rsquo;utilisateur et CENTERCITYLOCKERS se soumettent express\u00e9ment \u00e0 la comp\u00e9tence et \u00e0 la juridiction des cours et des tribunaux de la ville de VALENCIA, renon\u00e7ant express\u00e9ment \u00e0 toute autre juridiction qui pourrait leur correspondre.<\/p>\t\t\t\t\t\t\t\t<\/div>\n\t\t\t\t<\/div>\n\t\t\t\t\t<\/div>\n\t\t\t\t<\/div>\n\t\t\t\t<\/div>\n\t\t","protected":false},"excerpt":{"rendered":"<p>AVIS JURIDIQUE Conform\u00e9ment \u00e0 l&rsquo;article 10 de la loi 34\/2002, du 11 juillet, sur les services de la soci\u00e9t\u00e9 de l&rsquo;information et le commerce \u00e9lectronique (LSSI+CE), nous vous informons par la pr\u00e9sente : Le titre de la page www.centercitylockers.com est le suivant : Nom de l&rsquo;entreprise : CONSIGNES LLEVANT SL (ci-apr\u00e8s d\u00e9nomm\u00e9e CENTERCITYLOCKERS. NUM\u00c9RO DE [&hellip;]<\/p>\n","protected":false},"author":4,"featured_media":0,"parent":0,"menu_order":0,"comment_status":"closed","ping_status":"closed","template":"","meta":{"_joinchat":[],"footnotes":""},"class_list":["post-721","page","type-page","status-publish","hentry"],"_links":{"self":[{"href":"https:\/\/centercitylockers.com\/fr\/wp-json\/wp\/v2\/pages\/721","targetHints":{"allow":["GET"]}}],"collection":[{"href":"https:\/\/centercitylockers.com\/fr\/wp-json\/wp\/v2\/pages"}],"about":[{"href":"https:\/\/centercitylockers.com\/fr\/wp-json\/wp\/v2\/types\/page"}],"author":[{"embeddable":true,"href":"https:\/\/centercitylockers.com\/fr\/wp-json\/wp\/v2\/users\/4"}],"replies":[{"embeddable":true,"href":"https:\/\/centercitylockers.com\/fr\/wp-json\/wp\/v2\/comments?post=721"}],"version-history":[{"count":6,"href":"https:\/\/centercitylockers.com\/fr\/wp-json\/wp\/v2\/pages\/721\/revisions"}],"predecessor-version":[{"id":1112,"href":"https:\/\/centercitylockers.com\/fr\/wp-json\/wp\/v2\/pages\/721\/revisions\/1112"}],"wp:attachment":[{"href":"https:\/\/centercitylockers.com\/fr\/wp-json\/wp\/v2\/media?parent=721"}],"curies":[{"name":"wp","href":"https:\/\/api.w.org\/{rel}","templated":true}]}}